{"id":56,"date":"2019-09-12T10:33:20","date_gmt":"2019-09-12T08:33:20","guid":{"rendered":"http:\/\/cabinet-allergologie.fr\/?page_id=56"},"modified":"2025-12-14T09:18:04","modified_gmt":"2025-12-14T08:18:04","slug":"accueil","status":"publish","type":"page","link":"https:\/\/cabinet-allergologie.fr\/","title":{"rendered":"Accueil"},"content":{"rendered":"\n<div class=\"wp-block-media-text alignwide is-stacked-on-mobile\" style=\"grid-template-columns:39% auto\"><figure class=\"wp-block-media-text__media\"><img loading=\"lazy\" decoding=\"async\" width=\"256\" height=\"256\" src=\"http:\/\/cabinet-allergologie.fr\/wp-content\/uploads\/2020\/03\/ico-videocall-256.png\" alt=\"\" class=\"wp-image-150 size-full\" srcset=\"https:\/\/cabinet-allergologie.fr\/wp-content\/uploads\/2020\/03\/ico-videocall-256.png 256w, https:\/\/cabinet-allergologie.fr\/wp-content\/uploads\/2020\/03\/ico-videocall-256-150x150.png 150w, https:\/\/cabinet-allergologie.fr\/wp-content\/uploads\/2020\/03\/ico-videocall-256-100x100.png 100w\" sizes=\"auto, (max-width: 256px) 100vw, 256px\" \/><\/figure><div class=\"wp-block-media-text__content\">\n<p class=\"has-background\" style=\"background-color:#dac196\">Il est possible de prendre <a aria-label=\"RDV en ligne (s\u2019ouvre dans un nouvel onglet)\" href=\"https:\/\/www.ubiclic.com\/allergologie\/metz-corchade\/dr-nguyen-grosjean-van-mai\" target=\"_blank\" rel=\"noreferrer noopener\">RDV en ligne<\/a> dans la limite des places disponibles.<br><br>La <strong>t\u00e9l\u00e9consultation<\/strong> est possible sur demande.<br><br>Des cr\u00e9neaux d&rsquo;<strong>urgence<\/strong> sont disponibles, pour cela veuillez contacter votre m\u00e9decin traitant.<br><br><strong><span class=\"has-inline-color has-vivid-red-color\">Ligne t\u00e9l\u00e9phonique<\/span> <span class=\"has-inline-color has-vivid-red-color\">souvent satur\u00e9e.<\/span> <\/strong>Eviter le d\u00e9but de matin\u00e9e et le d\u00e9but d&rsquo;apr\u00e8s-midi. En cas d&rsquo;\u00e9chec, merci de r\u00e9p\u00e9ter l&rsquo;appel ult\u00e9rieurement.<br><br><strong>Annulation de RDV<\/strong> : <br>Tout rendez-vous non honor\u00e9 prive un autre patient d\u2019une consultation.<br><br>Toute annulation doit \u00eatre faite par t\u00e9l\u00e9phone aupr\u00e8s du standard.<br><br>\u26a0\ufe0fTout rendez-vous <strong>non honor\u00e9<\/strong> pourra entra\u00eener une <strong>exclusion <\/strong>de la prise de rendez-vous ult\u00e9rieure.<\/p>\n\n\n\n<p><\/p>\n\n\n\n<p><\/p>\n\n\n\n<p><\/p>\n\n\n\n<p><\/p>\n<\/div><\/div>\n\n\n\n<div class=\"wp-block-media-text alignwide is-stacked-on-mobile\"><figure class=\"wp-block-media-text__media\"><img loading=\"lazy\" decoding=\"async\" width=\"1024\" height=\"682\" src=\"http:\/\/cabinet-allergologie.fr\/wp-content\/uploads\/2019\/09\/photo_zoom_gramine-1024x682.jpg\" alt=\"Gramin\u00e9 allergie\" class=\"wp-image-45 size-full\" srcset=\"https:\/\/cabinet-allergologie.fr\/wp-content\/uploads\/2019\/09\/photo_zoom_gramine-1024x682.jpg 1024w, https:\/\/cabinet-allergologie.fr\/wp-content\/uploads\/2019\/09\/photo_zoom_gramine-300x200.jpg 300w, https:\/\/cabinet-allergologie.fr\/wp-content\/uploads\/2019\/09\/photo_zoom_gramine-768x512.jpg 768w, https:\/\/cabinet-allergologie.fr\/wp-content\/uploads\/2019\/09\/photo_zoom_gramine.jpg 1920w\" sizes=\"auto, (max-width: 767px) 89vw, (max-width: 1000px) 54vw, (max-width: 1071px) 543px, 580px\" \/><\/figure><div class=\"wp-block-media-text__content\">\n<p style=\"font-size:25px\">L&rsquo;allergie<\/p>\n\n\n\n<p style=\"font-size:14px\">L\u2019allergie est due \u00e0 une r\u00e9activit\u00e9 anormale du syst\u00e8me immunitaire au contact de substances, habituellement inoffensives, pr\u00e9sentes dans l\u2019environnement. Ces substances responsables de l\u2019allergie sont appel\u00e9es des allerg\u00e8nes. Elles peuvent entra\u00eener des r\u00e9actions quand elles sont inhal\u00e9es, aval\u00e9es ou mises en contact avec la peau chez les personnes qui y sont allergiques.<\/p>\n<\/div><\/div>\n\n\n\n<div class=\"wp-block-media-text alignwide has-media-on-the-right is-stacked-on-mobile\"><div class=\"wp-block-media-text__content\">\n<p style=\"font-size:25px\">Types d&rsquo;allergies<\/p>\n\n\n\n<p style=\"font-size:14px\">Les allergies peuvent \u00eatre respiratoires (acariens, poils d&rsquo;animaux, pollens, moisissures), alimentaires (lait, oeuf, fruits \u00e0 coques, &#8230;), m\u00e9dicamenteuses ou li\u00e9es aux venins d&rsquo;hym\u00e8nopt\u00e8res (abeilles, gu\u00eapes).<\/p>\n<\/div><figure class=\"wp-block-media-text__media\"><img loading=\"lazy\" decoding=\"async\" width=\"1024\" height=\"683\" src=\"http:\/\/cabinet-allergologie.fr\/wp-content\/uploads\/2019\/09\/photo_verre_lait-1024x683.jpg\" alt=\"\" class=\"wp-image-44 size-full\" srcset=\"https:\/\/cabinet-allergologie.fr\/wp-content\/uploads\/2019\/09\/photo_verre_lait-1024x683.jpg 1024w, https:\/\/cabinet-allergologie.fr\/wp-content\/uploads\/2019\/09\/photo_verre_lait-300x200.jpg 300w, https:\/\/cabinet-allergologie.fr\/wp-content\/uploads\/2019\/09\/photo_verre_lait-768x512.jpg 768w, https:\/\/cabinet-allergologie.fr\/wp-content\/uploads\/2019\/09\/photo_verre_lait.jpg 1920w\" sizes=\"auto, (max-width: 767px) 89vw, (max-width: 1000px) 54vw, (max-width: 1071px) 543px, 580px\" \/><\/figure><\/div>\n\n\n\n<div class=\"wp-block-media-text alignwide is-stacked-on-mobile\"><figure class=\"wp-block-media-text__media\"><img loading=\"lazy\" decoding=\"async\" width=\"553\" height=\"376\" src=\"http:\/\/cabinet-allergologie.fr\/wp-content\/uploads\/2019\/09\/photo_test_allergie.jpg\" alt=\"test d'allergie\" class=\"wp-image-81 size-full\" srcset=\"https:\/\/cabinet-allergologie.fr\/wp-content\/uploads\/2019\/09\/photo_test_allergie.jpg 553w, https:\/\/cabinet-allergologie.fr\/wp-content\/uploads\/2019\/09\/photo_test_allergie-300x204.jpg 300w\" sizes=\"auto, (max-width: 553px) 100vw, 553px\" \/><\/figure><div class=\"wp-block-media-text__content\">\n<p style=\"font-size:25px\">Testing cutan\u00e9<\/p>\n\n\n\n<p style=\"font-size:14px\">Les allergies peuvent \u00eatre test\u00e9es au cabinet d&rsquo;allergologie, via des extraits natifs ou commerciaux. <br>Le r\u00e9sultat peut \u00eatre imm\u00e9diat (\u00e0 20min) ou peut prendre 48h \u00e0 72h et n\u00e9cessiter une lecture retard\u00e9e.<\/p>\n<\/div><\/div>\n\n\n\n<div class=\"wp-block-media-text alignwide has-media-on-the-right is-stacked-on-mobile\"><div class=\"wp-block-media-text__content\">\n<p style=\"font-size:25px\">Traitement <\/p>\n\n\n\n<p style=\"font-size:14px\">Le traitement, selon le cas, repose sur l&rsquo;\u00e9viction de l&rsquo;allerg\u00e8ne, le soulagement des sympt\u00f4mes et parfois, une d\u00e9sensibilisation peut-\u00eatre propos\u00e9e (immunoth\u00e9rapie sp\u00e9cifique).<\/p>\n<\/div><figure class=\"wp-block-media-text__media\"><img loading=\"lazy\" decoding=\"async\" width=\"422\" height=\"281\" src=\"http:\/\/cabinet-allergologie.fr\/wp-content\/uploads\/2019\/09\/photo-traitement-light.png\" alt=\"Traitement\" class=\"wp-image-83 size-full\" srcset=\"https:\/\/cabinet-allergologie.fr\/wp-content\/uploads\/2019\/09\/photo-traitement-light.png 422w, https:\/\/cabinet-allergologie.fr\/wp-content\/uploads\/2019\/09\/photo-traitement-light-300x200.png 300w\" sizes=\"auto, (max-width: 422px) 100vw, 422px\" \/><\/figure><\/div>\n\n\n\n<p><\/p>\n","protected":false},"excerpt":{"rendered":"<p>Il est possible de prendre RDV en ligne dans la limite des places disponibles. La t\u00e9l\u00e9consultation est possible sur demande. Des cr\u00e9neaux d&rsquo;urgence sont disponibles, pour cela veuillez contacter votre m\u00e9decin traitant. Ligne t\u00e9l\u00e9phonique souvent satur\u00e9e. Eviter le d\u00e9but de matin\u00e9e et le d\u00e9but d&rsquo;apr\u00e8s-midi. En cas d&rsquo;\u00e9chec, merci de r\u00e9p\u00e9ter l&rsquo;appel ult\u00e9rieurement. Annulation de &hellip; <\/p>\n<p class=\"link-more\"><a href=\"https:\/\/cabinet-allergologie.fr\/\" class=\"more-link\">Continuer la lecture<span class=\"screen-reader-text\"> de &laquo;&nbsp;Accueil&nbsp;&raquo;<\/span><\/a><\/p>\n","protected":false},"author":1,"featured_media":0,"parent":0,"menu_order":0,"comment_status":"closed","ping_status":"closed","template":"","meta":{"footnotes":""},"class_list":["post-56","page","type-page","status-publish","hentry"],"_links":{"self":[{"href":"https:\/\/cabinet-allergologie.fr\/index.php\/wp-json\/wp\/v2\/pages\/56","targetHints":{"allow":["GET"]}}],"collection":[{"href":"https:\/\/cabinet-allergologie.fr\/index.php\/wp-json\/wp\/v2\/pages"}],"about":[{"href":"https:\/\/cabinet-allergologie.fr\/index.php\/wp-json\/wp\/v2\/types\/page"}],"author":[{"embeddable":true,"href":"https:\/\/cabinet-allergologie.fr\/index.php\/wp-json\/wp\/v2\/users\/1"}],"replies":[{"embeddable":true,"href":"https:\/\/cabinet-allergologie.fr\/index.php\/wp-json\/wp\/v2\/comments?post=56"}],"version-history":[{"count":23,"href":"https:\/\/cabinet-allergologie.fr\/index.php\/wp-json\/wp\/v2\/pages\/56\/revisions"}],"predecessor-version":[{"id":248,"href":"https:\/\/cabinet-allergologie.fr\/index.php\/wp-json\/wp\/v2\/pages\/56\/revisions\/248"}],"wp:attachment":[{"href":"https:\/\/cabinet-allergologie.fr\/index.php\/wp-json\/wp\/v2\/media?parent=56"}],"curies":[{"name":"wp","href":"https:\/\/api.w.org\/{rel}","templated":true}]}}